{"id":14,"date":"2025-05-27T14:07:39","date_gmt":"2025-05-27T14:07:39","guid":{"rendered":"https:\/\/iurretakopi.rkinformatika.online\/?page_id=14"},"modified":"2025-05-29T13:54:01","modified_gmt":"2025-05-29T13:54:01","slug":"servicios","status":"publish","type":"page","link":"https:\/\/iurretakopi.com\/eu\/servicios\/","title":{"rendered":"Zerbitzuak"},"content":{"rendered":"<div data-elementor-type=\"wp-page\" data-elementor-id=\"14\" class=\"elementor elementor-14\" data-elementor-post-type=\"page\">\n\t\t\t\t<div class=\"elementor-element elementor-element-cf8e50d e-con-full e-flex e-con e-parent\" data-id=\"cf8e50d\" data-element_type=\"container\" data-e-type=\"container\">\n\t\t<div class=\"elementor-element elementor-element-1227236 e-con-full e-flex e-con e-child\" data-id=\"1227236\" data-element_type=\"container\" data-e-type=\"container\">\n\t\t\t\t<\/div>\n\t\t<div class=\"elementor-element elementor-element-837f86b e-con-full animated-slow e-flex elementor-invisible e-con e-child\" data-id=\"837f86b\" data-element_type=\"container\" data-e-type=\"container\" data-settings=\"{&quot;animation&quot;:&quot;fadeInDown&quot;}\">\n\t\t\t\t<div class=\"elementor-element elementor-element-6003869 elementor-widget elementor-widget-image\" data-id=\"6003869\" data-element_type=\"widget\" data-e-type=\"widget\" data-widget_type=\"image.default\">\n\t\t\t\t<div class=\"elementor-widget-container\">\n\t\t\t\t\t\t\t\t\t\t\t\t\t\t\t<img fetchpriority=\"high\" decoding=\"async\" width=\"800\" height=\"534\" src=\"https:\/\/iurretakopi.com\/wp-content\/uploads\/2025\/05\/compressed_side-view-employee-using-printer-1024x683.jpg\" class=\"elementor-animation-wobble-horizontal attachment-large size-large wp-image-371\" alt=\"\" srcset=\"https:\/\/iurretakopi.com\/wp-content\/uploads\/2025\/05\/compressed_side-view-employee-using-printer-1024x683.jpg 1024w, https:\/\/iurretakopi.com\/wp-content\/uploads\/2025\/05\/compressed_side-view-employee-using-printer-300x200.jpg 300w, https:\/\/iurretakopi.com\/wp-content\/uploads\/2025\/05\/compressed_side-view-employee-using-printer-768x512.jpg 768w, https:\/\/iurretakopi.com\/wp-content\/uploads\/2025\/05\/compressed_side-view-employee-using-printer-1536x1024.jpg 1536w, https:\/\/iurretakopi.com\/wp-content\/uploads\/2025\/05\/compressed_side-view-employee-using-printer-18x12.jpg 18w\" sizes=\"(max-width: 800px) 100vw, 800px\" \/>\t\t\t\t\t\t\t\t\t\t\t\t\t\t\t<\/div>\n\t\t\t\t<\/div>\n\t\t\t\t<div class=\"elementor-element elementor-element-c7c103d elementor-widget elementor-widget-heading\" data-id=\"c7c103d\" data-element_type=\"widget\" data-e-type=\"widget\" data-widget_type=\"heading.default\">\n\t\t\t\t<div class=\"elementor-widget-container\">\n\t\t\t\t\t<h2 class=\"elementor-heading-title elementor-size-default\">Copister\u00eda<\/h2>\t\t\t\t<\/div>\n\t\t\t\t<\/div>\n\t\t\t\t<\/div>\n\t\t<div class=\"elementor-element elementor-element-61daab3 e-con-full animated-slow e-flex elementor-invisible e-con e-child\" data-id=\"61daab3\" data-element_type=\"container\" data-e-type=\"container\" data-settings=\"{&quot;animation&quot;:&quot;fadeInUp&quot;}\">\n\t\t\t\t<div class=\"elementor-element elementor-element-80e8e65 elementor-widget elementor-widget-image\" data-id=\"80e8e65\" data-element_type=\"widget\" data-e-type=\"widget\" data-widget_type=\"image.default\">\n\t\t\t\t<div class=\"elementor-widget-container\">\n\t\t\t\t\t\t\t\t\t\t\t\t\t\t\t<img decoding=\"async\" width=\"800\" height=\"534\" src=\"https:\/\/iurretakopi.com\/wp-content\/uploads\/2025\/05\/female-logo-designer-working-her-tablet-connected-laptop-1024x683.jpg\" class=\"elementor-animation-wobble-horizontal attachment-large size-large wp-image-316\" alt=\"\" srcset=\"https:\/\/iurretakopi.com\/wp-content\/uploads\/2025\/05\/female-logo-designer-working-her-tablet-connected-laptop-1024x683.jpg 1024w, https:\/\/iurretakopi.com\/wp-content\/uploads\/2025\/05\/female-logo-designer-working-her-tablet-connected-laptop-300x200.jpg 300w, https:\/\/iurretakopi.com\/wp-content\/uploads\/2025\/05\/female-logo-designer-working-her-tablet-connected-laptop-768x512.jpg 768w, https:\/\/iurretakopi.com\/wp-content\/uploads\/2025\/05\/female-logo-designer-working-her-tablet-connected-laptop-1536x1024.jpg 1536w, https:\/\/iurretakopi.com\/wp-content\/uploads\/2025\/05\/female-logo-designer-working-her-tablet-connected-laptop-18x12.jpg 18w\" sizes=\"(max-width: 800px) 100vw, 800px\" \/>\t\t\t\t\t\t\t\t\t\t\t\t\t\t\t<\/div>\n\t\t\t\t<\/div>\n\t\t\t\t<div class=\"elementor-element elementor-element-6b3a64c elementor-widget elementor-widget-heading\" data-id=\"6b3a64c\" data-element_type=\"widget\" data-e-type=\"widget\" data-widget_type=\"heading.default\">\n\t\t\t\t<div class=\"elementor-widget-container\">\n\t\t\t\t\t<h2 class=\"elementor-heading-title elementor-size-default\">Dise\u00f1o gr\u00e1fico<\/h2>\t\t\t\t<\/div>\n\t\t\t\t<\/div>\n\t\t\t\t<\/div>\n\t\t<div class=\"elementor-element elementor-element-07adb65 e-con-full animated-slow e-flex elementor-invisible e-con e-child\" data-id=\"07adb65\" data-element_type=\"container\" data-e-type=\"container\" data-settings=\"{&quot;animation&quot;:&quot;fadeInDown&quot;,&quot;animation_delay&quot;:200}\">\n\t\t\t\t<div class=\"elementor-element elementor-element-cee4041 elementor-widget elementor-widget-image\" data-id=\"cee4041\" data-element_type=\"widget\" data-e-type=\"widget\" data-widget_type=\"image.default\">\n\t\t\t\t<div class=\"elementor-widget-container\">\n\t\t\t\t\t\t\t\t\t\t\t\t\t\t\t<img decoding=\"async\" width=\"800\" height=\"533\" src=\"https:\/\/iurretakopi.com\/wp-content\/uploads\/2025\/05\/library-1024x682.jpg\" class=\"elementor-animation-wobble-horizontal attachment-large size-large wp-image-333\" alt=\"Library\" srcset=\"https:\/\/iurretakopi.com\/wp-content\/uploads\/2025\/05\/library-1024x682.jpg 1024w, https:\/\/iurretakopi.com\/wp-content\/uploads\/2025\/05\/library-300x200.jpg 300w, https:\/\/iurretakopi.com\/wp-content\/uploads\/2025\/05\/library-768x512.jpg 768w, https:\/\/iurretakopi.com\/wp-content\/uploads\/2025\/05\/library-1536x1024.jpg 1536w, https:\/\/iurretakopi.com\/wp-content\/uploads\/2025\/05\/library-18x12.jpg 18w, https:\/\/iurretakopi.com\/wp-content\/uploads\/2025\/05\/library.jpg 2000w\" sizes=\"(max-width: 800px) 100vw, 800px\" \/>\t\t\t\t\t\t\t\t\t\t\t\t\t\t\t<\/div>\n\t\t\t\t<\/div>\n\t\t\t\t<div class=\"elementor-element elementor-element-04575c2 elementor-widget elementor-widget-heading\" data-id=\"04575c2\" data-element_type=\"widget\" data-e-type=\"widget\" data-widget_type=\"heading.default\">\n\t\t\t\t<div class=\"elementor-widget-container\">\n\t\t\t\t\t<h2 class=\"elementor-heading-title elementor-size-default\">librer\u00eda<\/h2>\t\t\t\t<\/div>\n\t\t\t\t<\/div>\n\t\t\t\t<\/div>\n\t\t<div class=\"elementor-element elementor-element-ca91862 e-con-full animated-slow e-flex elementor-invisible e-con e-child\" data-id=\"ca91862\" data-element_type=\"container\" data-e-type=\"container\" data-settings=\"{&quot;animation&quot;:&quot;fadeInUp&quot;,&quot;animation_delay&quot;:200}\">\n\t\t\t\t<div class=\"elementor-element elementor-element-a1cc9e2 elementor-widget elementor-widget-image\" data-id=\"a1cc9e2\" data-element_type=\"widget\" data-e-type=\"widget\" data-widget_type=\"image.default\">\n\t\t\t\t<div class=\"elementor-widget-container\">\n\t\t\t\t\t\t\t\t\t\t\t\t\t\t\t<img loading=\"lazy\" decoding=\"async\" width=\"800\" height=\"533\" src=\"https:\/\/iurretakopi.com\/wp-content\/uploads\/2025\/05\/various-color-pens-on-display-at-stationery-shop-back-to-school-office-supplies-shopping-1024x682.jpg\" class=\"elementor-animation-wobble-horizontal attachment-large size-large wp-image-418\" alt=\"Various color pens on display at stationery shop. Back to school office supplies shopping\" srcset=\"https:\/\/iurretakopi.com\/wp-content\/uploads\/2025\/05\/various-color-pens-on-display-at-stationery-shop-back-to-school-office-supplies-shopping-1024x682.jpg 1024w, https:\/\/iurretakopi.com\/wp-content\/uploads\/2025\/05\/various-color-pens-on-display-at-stationery-shop-back-to-school-office-supplies-shopping-300x200.jpg 300w, https:\/\/iurretakopi.com\/wp-content\/uploads\/2025\/05\/various-color-pens-on-display-at-stationery-shop-back-to-school-office-supplies-shopping-768x512.jpg 768w, https:\/\/iurretakopi.com\/wp-content\/uploads\/2025\/05\/various-color-pens-on-display-at-stationery-shop-back-to-school-office-supplies-shopping-1536x1024.jpg 1536w, https:\/\/iurretakopi.com\/wp-content\/uploads\/2025\/05\/various-color-pens-on-display-at-stationery-shop-back-to-school-office-supplies-shopping-18x12.jpg 18w, https:\/\/iurretakopi.com\/wp-content\/uploads\/2025\/05\/various-color-pens-on-display-at-stationery-shop-back-to-school-office-supplies-shopping.jpg 2000w\" sizes=\"(max-width: 800px) 100vw, 800px\" \/>\t\t\t\t\t\t\t\t\t\t\t\t\t\t\t<\/div>\n\t\t\t\t<\/div>\n\t\t\t\t<div class=\"elementor-element elementor-element-7a625b4 elementor-widget elementor-widget-heading\" data-id=\"7a625b4\" data-element_type=\"widget\" data-e-type=\"widget\" data-widget_type=\"heading.default\">\n\t\t\t\t<div class=\"elementor-widget-container\">\n\t\t\t\t\t<h2 class=\"elementor-heading-title elementor-size-default\">papeler\u00eda<\/h2>\t\t\t\t<\/div>\n\t\t\t\t<\/div>\n\t\t\t\t<\/div>\n\t\t\t\t<\/div>\n\t\t<div class=\"elementor-element elementor-element-308a3f4 e-flex e-con-boxed e-con e-parent\" data-id=\"308a3f4\" data-element_type=\"container\" data-e-type=\"container\">\n\t\t\t\t\t<div class=\"e-con-inner\">\n\t\t<div class=\"elementor-element elementor-element-572fa8e e-con-full e-flex e-con e-child\" data-id=\"572fa8e\" data-element_type=\"container\" data-e-type=\"container\" data-settings=\"{&quot;background_background&quot;:&quot;classic&quot;}\">\n\t\t<div class=\"elementor-element elementor-element-1f93e27 e-con-full e-flex e-con e-child\" data-id=\"1f93e27\" data-element_type=\"container\" data-e-type=\"container\">\n\t\t\t\t<div class=\"elementor-element elementor-element-d0e2af7 elementor-widget elementor-widget-heading\" data-id=\"d0e2af7\" data-element_type=\"widget\" data-e-type=\"widget\" data-widget_type=\"heading.default\">\n\t\t\t\t<div class=\"elementor-widget-container\">\n\t\t\t\t\t<h2 class=\"elementor-heading-title elementor-size-default\">\u00bfEst\u00e1 interesado en servicios de dise\u00f1o gr\u00e1fico?<\/h2>\t\t\t\t<\/div>\n\t\t\t\t<\/div>\n\t\t\t\t<div class=\"elementor-element elementor-element-57537d1 elementor-widget elementor-widget-text-editor\" data-id=\"57537d1\" data-element_type=\"widget\" data-e-type=\"widget\" data-widget_type=\"text-editor.default\">\n\t\t\t\t<div class=\"elementor-widget-container\">\n\t\t\t\t\t\t\t\t\t<p>Cont\u00e1ctenos, con gusto le ayud\u00e1remos con su dise\u00f1o gr\u00e1fico.<\/p>\t\t\t\t\t\t\t\t<\/div>\n\t\t\t\t<\/div>\n\t\t\t\t<\/div>\n\t\t<div class=\"elementor-element elementor-element-050f5c8 e-con-full e-flex e-con e-child\" data-id=\"050f5c8\" data-element_type=\"container\" data-e-type=\"container\">\n\t\t\t\t<div class=\"elementor-element elementor-element-cabe658 elementor-align-right elementor-mobile-align-center elementor-widget elementor-widget-button\" data-id=\"cabe658\" data-element_type=\"widget\" data-e-type=\"widget\" data-widget_type=\"button.default\">\n\t\t\t\t<div class=\"elementor-widget-container\">\n\t\t\t\t\t\t\t\t\t<div class=\"elementor-button-wrapper\">\n\t\t\t\t\t<a class=\"elementor-button elementor-button-link elementor-size-lg elementor-animation-wobble-horizontal\" href=\"https:\/\/iurretakopi.com\/eu\/contacto\/\">\n\t\t\t\t\t\t<span class=\"elementor-button-content-wrapper\">\n\t\t\t\t\t\t\t\t\t<span class=\"elementor-button-text\">Cont\u00e1ctanos<\/span>\n\t\t\t\t\t<\/span>\n\t\t\t\t\t<\/a>\n\t\t\t\t<\/div>\n\t\t\t\t\t\t\t\t<\/div>\n\t\t\t\t<\/div>\n\t\t\t\t<\/div>\n\t\t\t\t<\/div>\n\t\t\t\t\t<\/div>\n\t\t\t\t<\/div>\n\t\t\t\t<\/div>","protected":false},"excerpt":{"rendered":"<p>Copister\u00eda Dise\u00f1o gr\u00e1fico librer\u00eda papeler\u00eda \u00bfEst\u00e1 interesado en servicios de dise\u00f1o gr\u00e1fico? Cont\u00e1ctenos, con gusto le ayud\u00e1remos con su dise\u00f1o gr\u00e1fico. Cont\u00e1ctanos<\/p>","protected":false},"author":1,"featured_media":0,"parent":0,"menu_order":0,"comment_status":"closed","ping_status":"closed","template":"elementor_canvas","meta":{"footnotes":""},"class_list":["post-14","page","type-page","status-publish","hentry"],"yoast_head":"<!-- This site is optimized with the Yoast SEO plugin v27.4 - https:\/\/yoast.com\/product\/yoast-seo-wordpress\/ -->\n<title>Servicios - IURRETA KOPISTEGIA<\/title>\n<meta name=\"robots\" content=\"index, follow, max-snippet:-1, max-image-preview:large, max-video-preview:-1\" \/>\n<link rel=\"canonical\" href=\"https:\/\/iurretakopi.com\/eu\/servicios\/\" \/>\n<meta property=\"og:locale\" content=\"en_US\" \/>\n<meta property=\"og:type\" content=\"article\" \/>\n<meta property=\"og:title\" content=\"Servicios - IURRETA KOPISTEGIA\" \/>\n<meta property=\"og:description\" content=\"Copister\u00eda Dise\u00f1o gr\u00e1fico librer\u00eda papeler\u00eda \u00bfEst\u00e1 interesado en servicios de dise\u00f1o gr\u00e1fico? Cont\u00e1ctenos, con gusto le ayud\u00e1remos con su dise\u00f1o gr\u00e1fico. Cont\u00e1ctanos\" \/>\n<meta property=\"og:url\" content=\"https:\/\/iurretakopi.com\/eu\/servicios\/\" \/>\n<meta property=\"og:site_name\" content=\"IURRETA KOPISTEGIA\" \/>\n<meta property=\"article:modified_time\" content=\"2025-05-29T13:54:01+00:00\" \/>\n<meta property=\"og:image\" content=\"https:\/\/iurretakopi.com\/wp-content\/uploads\/2025\/05\/compressed_side-view-employee-using-printer-1024x683.jpg\" \/>\n<meta name=\"twitter:card\" content=\"summary_large_image\" \/>\n<meta name=\"twitter:label1\" content=\"Est. reading time\" \/>\n\t<meta name=\"twitter:data1\" content=\"1 minutua\" \/>\n<script type=\"application\/ld+json\" class=\"yoast-schema-graph\">{\"@context\":\"https:\\\/\\\/schema.org\",\"@graph\":[{\"@type\":\"WebPage\",\"@id\":\"https:\\\/\\\/iurretakopi.com\\\/servicios\\\/\",\"url\":\"https:\\\/\\\/iurretakopi.com\\\/servicios\\\/\",\"name\":\"Servicios - IURRETA KOPISTEGIA\",\"isPartOf\":{\"@id\":\"https:\\\/\\\/iurretakopi.com\\\/#website\"},\"primaryImageOfPage\":{\"@id\":\"https:\\\/\\\/iurretakopi.com\\\/servicios\\\/#primaryimage\"},\"image\":{\"@id\":\"https:\\\/\\\/iurretakopi.com\\\/servicios\\\/#primaryimage\"},\"thumbnailUrl\":\"https:\\\/\\\/iurretakopi.com\\\/wp-content\\\/uploads\\\/2025\\\/05\\\/compressed_side-view-employee-using-printer-1024x683.jpg\",\"datePublished\":\"2025-05-27T14:07:39+00:00\",\"dateModified\":\"2025-05-29T13:54:01+00:00\",\"breadcrumb\":{\"@id\":\"https:\\\/\\\/iurretakopi.com\\\/servicios\\\/#breadcrumb\"},\"inLanguage\":\"eu\",\"potentialAction\":[{\"@type\":\"ReadAction\",\"target\":[\"https:\\\/\\\/iurretakopi.com\\\/servicios\\\/\"]}]},{\"@type\":\"ImageObject\",\"inLanguage\":\"eu\",\"@id\":\"https:\\\/\\\/iurretakopi.com\\\/servicios\\\/#primaryimage\",\"url\":\"https:\\\/\\\/iurretakopi.com\\\/wp-content\\\/uploads\\\/2025\\\/05\\\/compressed_side-view-employee-using-printer-1024x683.jpg\",\"contentUrl\":\"https:\\\/\\\/iurretakopi.com\\\/wp-content\\\/uploads\\\/2025\\\/05\\\/compressed_side-view-employee-using-printer-1024x683.jpg\"},{\"@type\":\"BreadcrumbList\",\"@id\":\"https:\\\/\\\/iurretakopi.com\\\/servicios\\\/#breadcrumb\",\"itemListElement\":[{\"@type\":\"ListItem\",\"position\":1,\"name\":\"Portada\",\"item\":\"https:\\\/\\\/iurretakopi.com\\\/\"},{\"@type\":\"ListItem\",\"position\":2,\"name\":\"Servicios\"}]},{\"@type\":\"WebSite\",\"@id\":\"https:\\\/\\\/iurretakopi.com\\\/#website\",\"url\":\"https:\\\/\\\/iurretakopi.com\\\/\",\"name\":\"IURRETA KOPISTEGIA\",\"description\":\"\",\"publisher\":{\"@id\":\"https:\\\/\\\/iurretakopi.com\\\/#organization\"},\"potentialAction\":[{\"@type\":\"SearchAction\",\"target\":{\"@type\":\"EntryPoint\",\"urlTemplate\":\"https:\\\/\\\/iurretakopi.com\\\/?s={search_term_string}\"},\"query-input\":{\"@type\":\"PropertyValueSpecification\",\"valueRequired\":true,\"valueName\":\"search_term_string\"}}],\"inLanguage\":\"eu\"},{\"@type\":\"Organization\",\"@id\":\"https:\\\/\\\/iurretakopi.com\\\/#organization\",\"name\":\"IURRETA KOPISTEGIA\",\"url\":\"https:\\\/\\\/iurretakopi.com\\\/\",\"logo\":{\"@type\":\"ImageObject\",\"inLanguage\":\"eu\",\"@id\":\"https:\\\/\\\/iurretakopi.com\\\/#\\\/schema\\\/logo\\\/image\\\/\",\"url\":\"https:\\\/\\\/iurretakopi.com\\\/wp-content\\\/uploads\\\/2025\\\/05\\\/cropped-WhatsApp-Image-2025-05-27-at-16.22.15.jpeg\",\"contentUrl\":\"https:\\\/\\\/iurretakopi.com\\\/wp-content\\\/uploads\\\/2025\\\/05\\\/cropped-WhatsApp-Image-2025-05-27-at-16.22.15.jpeg\",\"width\":640,\"height\":377,\"caption\":\"IURRETA KOPISTEGIA\"},\"image\":{\"@id\":\"https:\\\/\\\/iurretakopi.com\\\/#\\\/schema\\\/logo\\\/image\\\/\"}}]}<\/script>\n<!-- \/ Yoast SEO plugin. -->","yoast_head_json":{"title":"Servicios - IURRETA KOPISTEGIA","robots":{"index":"index","follow":"follow","max-snippet":"max-snippet:-1","max-image-preview":"max-image-preview:large","max-video-preview":"max-video-preview:-1"},"canonical":"https:\/\/iurretakopi.com\/eu\/servicios\/","og_locale":"en_US","og_type":"article","og_title":"Servicios - IURRETA KOPISTEGIA","og_description":"Copister\u00eda Dise\u00f1o gr\u00e1fico librer\u00eda papeler\u00eda \u00bfEst\u00e1 interesado en servicios de dise\u00f1o gr\u00e1fico? Cont\u00e1ctenos, con gusto le ayud\u00e1remos con su dise\u00f1o gr\u00e1fico. Cont\u00e1ctanos","og_url":"https:\/\/iurretakopi.com\/eu\/servicios\/","og_site_name":"IURRETA KOPISTEGIA","article_modified_time":"2025-05-29T13:54:01+00:00","og_image":[{"url":"https:\/\/iurretakopi.com\/wp-content\/uploads\/2025\/05\/compressed_side-view-employee-using-printer-1024x683.jpg","type":"","width":"","height":""}],"twitter_card":"summary_large_image","twitter_misc":{"Est. reading time":"1 minutua"},"schema":{"@context":"https:\/\/schema.org","@graph":[{"@type":"WebPage","@id":"https:\/\/iurretakopi.com\/servicios\/","url":"https:\/\/iurretakopi.com\/servicios\/","name":"Servicios - IURRETA KOPISTEGIA","isPartOf":{"@id":"https:\/\/iurretakopi.com\/#website"},"primaryImageOfPage":{"@id":"https:\/\/iurretakopi.com\/servicios\/#primaryimage"},"image":{"@id":"https:\/\/iurretakopi.com\/servicios\/#primaryimage"},"thumbnailUrl":"https:\/\/iurretakopi.com\/wp-content\/uploads\/2025\/05\/compressed_side-view-employee-using-printer-1024x683.jpg","datePublished":"2025-05-27T14:07:39+00:00","dateModified":"2025-05-29T13:54:01+00:00","breadcrumb":{"@id":"https:\/\/iurretakopi.com\/servicios\/#breadcrumb"},"inLanguage":"eu","potentialAction":[{"@type":"ReadAction","target":["https:\/\/iurretakopi.com\/servicios\/"]}]},{"@type":"ImageObject","inLanguage":"eu","@id":"https:\/\/iurretakopi.com\/servicios\/#primaryimage","url":"https:\/\/iurretakopi.com\/wp-content\/uploads\/2025\/05\/compressed_side-view-employee-using-printer-1024x683.jpg","contentUrl":"https:\/\/iurretakopi.com\/wp-content\/uploads\/2025\/05\/compressed_side-view-employee-using-printer-1024x683.jpg"},{"@type":"BreadcrumbList","@id":"https:\/\/iurretakopi.com\/servicios\/#breadcrumb","itemListElement":[{"@type":"ListItem","position":1,"name":"Portada","item":"https:\/\/iurretakopi.com\/"},{"@type":"ListItem","position":2,"name":"Servicios"}]},{"@type":"WebSite","@id":"https:\/\/iurretakopi.com\/#website","url":"https:\/\/iurretakopi.com\/","name":"IURRETA KOPISTEGIA","description":"","publisher":{"@id":"https:\/\/iurretakopi.com\/#organization"},"potentialAction":[{"@type":"SearchAction","target":{"@type":"EntryPoint","urlTemplate":"https:\/\/iurretakopi.com\/?s={search_term_string}"},"query-input":{"@type":"PropertyValueSpecification","valueRequired":true,"valueName":"search_term_string"}}],"inLanguage":"eu"},{"@type":"Organization","@id":"https:\/\/iurretakopi.com\/#organization","name":"IURRETA KOPISTEGIA","url":"https:\/\/iurretakopi.com\/","logo":{"@type":"ImageObject","inLanguage":"eu","@id":"https:\/\/iurretakopi.com\/#\/schema\/logo\/image\/","url":"https:\/\/iurretakopi.com\/wp-content\/uploads\/2025\/05\/cropped-WhatsApp-Image-2025-05-27-at-16.22.15.jpeg","contentUrl":"https:\/\/iurretakopi.com\/wp-content\/uploads\/2025\/05\/cropped-WhatsApp-Image-2025-05-27-at-16.22.15.jpeg","width":640,"height":377,"caption":"IURRETA KOPISTEGIA"},"image":{"@id":"https:\/\/iurretakopi.com\/#\/schema\/logo\/image\/"}}]}},"_links":{"self":[{"href":"https:\/\/iurretakopi.com\/eu\/wp-json\/wp\/v2\/pages\/14","targetHints":{"allow":["GET"]}}],"collection":[{"href":"https:\/\/iurretakopi.com\/eu\/wp-json\/wp\/v2\/pages"}],"about":[{"href":"https:\/\/iurretakopi.com\/eu\/wp-json\/wp\/v2\/types\/page"}],"author":[{"embeddable":true,"href":"https:\/\/iurretakopi.com\/eu\/wp-json\/wp\/v2\/users\/1"}],"replies":[{"embeddable":true,"href":"https:\/\/iurretakopi.com\/eu\/wp-json\/wp\/v2\/comments?post=14"}],"version-history":[{"count":283,"href":"https:\/\/iurretakopi.com\/eu\/wp-json\/wp\/v2\/pages\/14\/revisions"}],"predecessor-version":[{"id":787,"href":"https:\/\/iurretakopi.com\/eu\/wp-json\/wp\/v2\/pages\/14\/revisions\/787"}],"wp:attachment":[{"href":"https:\/\/iurretakopi.com\/eu\/wp-json\/wp\/v2\/media?parent=14"}],"curies":[{"name":"wp","href":"https:\/\/api.w.org\/{rel}","templated":true}]}}